{"id":3915,"date":"2026-02-20T14:36:29","date_gmt":"2026-02-20T12:36:29","guid":{"rendered":"https:\/\/www.bellearti.fi\/?page_id=3915"},"modified":"2026-02-20T14:41:25","modified_gmt":"2026-02-20T12:41:25","slug":"aterkoppling","status":"publish","type":"page","link":"https:\/\/www.bellearti.fi\/sv\/aterkoppling\/","title":{"rendered":"Arvostele"},"content":{"rendered":"<p style=\"text-align: center;\">Vi uppskattar verkligen din feedback om v\u00e5r service och v\u00e5ra produkter.<\/p>\n<p style=\"text-align: center;\">V\u00e4nligen skicka in din recension p\u00e5 Google med hj\u00e4lp av f\u00f6ljande l\u00e4nk:<\/p>\n<p style=\"text-align: center;\"><a class=\"fusion-button button-flat fusion-button-default-size button-custom button-2 fusion-button-default-span fusion-button-default-type\" href=\"https:\/\/g.page\/r\/CR8jgs_J0bkaEBM\/review\">Ge Google ett omd\u00f6me<\/a><\/p>","protected":false},"excerpt":{"rendered":"<p>Arvostamme suuresti palautetta liittyen palveluumme ja tuotteisiimme. Pyyd\u00e4mme j\u00e4tt\u00e4m\u00e4\u00e4n arvostelun [&hellip;]<\/p>","protected":false},"author":1,"featured_media":0,"parent":0,"menu_order":0,"comment_status":"closed","ping_status":"closed","template":"","meta":{"footnotes":""},"class_list":["post-3915","page","type-page","status-publish","hentry"],"_links":{"self":[{"href":"https:\/\/www.bellearti.fi\/sv\/wp-json\/wp\/v2\/pages\/3915","targetHints":{"allow":["GET"]}}],"collection":[{"href":"https:\/\/www.bellearti.fi\/sv\/wp-json\/wp\/v2\/pages"}],"about":[{"href":"https:\/\/www.bellearti.fi\/sv\/wp-json\/wp\/v2\/types\/page"}],"author":[{"embeddable":true,"href":"https:\/\/www.bellearti.fi\/sv\/wp-json\/wp\/v2\/users\/1"}],"replies":[{"embeddable":true,"href":"https:\/\/www.bellearti.fi\/sv\/wp-json\/wp\/v2\/comments?post=3915"}],"version-history":[{"count":7,"href":"https:\/\/www.bellearti.fi\/sv\/wp-json\/wp\/v2\/pages\/3915\/revisions"}],"predecessor-version":[{"id":3922,"href":"https:\/\/www.bellearti.fi\/sv\/wp-json\/wp\/v2\/pages\/3915\/revisions\/3922"}],"wp:attachment":[{"href":"https:\/\/www.bellearti.fi\/sv\/wp-json\/wp\/v2\/media?parent=3915"}],"curies":[{"name":"wp","href":"https:\/\/api.w.org\/{rel}","templated":true}]}}