{"id":152,"date":"2019-03-12T21:32:39","date_gmt":"2019-03-12T21:32:39","guid":{"rendered":"http:\/\/bellearti.deston.fi\/?page_id=152"},"modified":"2020-02-28T15:07:53","modified_gmt":"2020-02-28T13:07:53","slug":"bli-en-partner","status":"publish","type":"page","link":"https:\/\/www.bellearti.fi\/sv\/bli-en-partner\/","title":{"rendered":"Samarbeta med"},"content":{"rendered":"<p><div class=\"fusion-fullwidth fullwidth-box fusion-builder-row-1 nonhundred-percent-fullwidth non-hundred-percent-height-scrolling\" style=\"background-color: rgba(255,255,255,0);background-position: center center;background-repeat: no-repeat;padding-top:0px;padding-right:0px;padding-bottom:1px;padding-left:0px;margin-bottom: 0px;margin-top: -3%;border-width: 0px 0px 0px 0px;border-color:#eae9e9;border-style:solid;\" ><div class=\"fusion-builder-row fusion-row\"><div class=\"fusion-layout-column fusion_builder_column fusion-builder-column-0 fusion_builder_column_1_1 1_1 fusion-one-full fusion-column-first fusion-column-last fusion-animated\" style=\"margin-top:20px;margin-bottom:0px;\" data-animationtype=\"fadeInLeft\" data-animationduration=\"1.0\" data-animationoffset=\"top-into-view\"><div class=\"fusion-column-wrapper fusion-flex-column-wrapper-legacy\" style=\"background-position:left top;background-repeat:no-repeat;-webkit-background-size:cover;-moz-background-size:cover;-o-background-size:cover;background-size:cover;padding: 0px 0px 0px 0px;\"><div class=\"fusion-text fusion-text-1\"><p><b data-fusion-font=\"true\" class=\"caption\" style=\"font-size: 11px;\">DISTRIBUTION OCH INSTALLATION<\/b><\/p>\n<\/div><div class=\"fusion-clearfix\"><\/div><\/div><\/div><div class=\"fusion-layout-column fusion_builder_column fusion-builder-column-1 fusion_builder_column_1_1 1_1 fusion-one-full fusion-column-first fusion-column-last fusion-animated\" style=\"margin-top:0px;margin-bottom:20px;\" data-animationtype=\"fadeInLeft\" data-animationduration=\"1.0\" data-animationoffset=\"top-into-view\"><div class=\"fusion-column-wrapper fusion-flex-column-wrapper-legacy\" style=\"background-position:left top;background-repeat:no-repeat;-webkit-background-size:cover;-moz-background-size:cover;-o-background-size:cover;background-size:cover;padding: 0px 0px 0px 0px;\"><style type=\"text\/css\"><\/style><div class=\"fusion-title title fusion-title-1 fusion-sep-none fusion-title-text fusion-title-size-one\" style=\"font-size:62px;margin-top:16px;margin-right:0px;margin-bottom:16px;margin-left:0px;\"><h1 class=\"title-heading-left fusion-responsive-typography-calculated\" style=\"margin:0;font-size:1em;--fontSize:62;line-height:1.2;\"><div>Vi s\u00f6ker dig som \u00e4r ute efter kvalitet<\/div><\/h1><\/div><div class=\"fusion-text fusion-text-2\"><\/div><div class=\"fusion-sep-clear\"><\/div><div class=\"fusion-separator fusion-clearfix\" style=\"float:left;margin-top:1%;margin-bottom:4%;width:100%;max-width:32px;\"><div class=\"fusion-separator-border sep-single sep-solid\" style=\"border-color:#181818;border-top-width:2px;\"><\/div><\/div><div class=\"fusion-sep-clear\"><\/div>\n<div class=\"fusion-clearfix\"><\/div><\/div><\/div><div class=\"fusion-layout-column fusion_builder_column fusion-builder-column-2 fusion_builder_column_3_5 3_5 fusion-three-fifth fusion-column-first fusion-animated\" style=\"width:60%;width:calc(60% - ( ( 4% ) * 0.6 ) );margin-right: 4%;margin-top:20px;margin-bottom:-10px;\" data-animationtype=\"fadeInLeft\" data-animationduration=\"1.0\" data-animationoffset=\"top-into-view\"><div class=\"fusion-column-wrapper fusion-flex-column-wrapper-legacy\" style=\"background-position:left top;background-repeat:no-repeat;-webkit-background-size:cover;-moz-background-size:cover;-o-background-size:cover;background-size:cover;padding: 0px 0px 0px 8px;\"><div class=\"fusion-text fusion-text-3\"><p>Vill du arbeta med v\u00e5ra produkter?<\/p>\n<\/div><div class=\"fusion-clearfix\"><\/div><\/div><\/div><\/div><\/div><div class=\"fusion-fullwidth fullwidth-box fusion-builder-row-2 hundred-percent-fullwidth non-hundred-percent-height-scrolling fusion-no-small-visibility fusion-no-medium-visibility\" style=\"background-color: rgba(255,255,255,0);background-position: center center;background-repeat: no-repeat;padding-top:0px;padding-right:0%;padding-bottom:6%;padding-left:11%;margin-bottom: 0px;margin-top: -30px;border-width: 0px 0px 0px 0px;border-color:#eae9e9;border-style:solid;\" ><div class=\"fusion-builder-row fusion-row\"><div class=\"fusion-layout-column fusion_builder_column fusion-builder-column-3 fusion_builder_column_1_4 1_4 fusion-one-fourth fusion-column-first fusion-animated\" style=\"width:25%;width:calc(25% - ( ( 4% + 4% ) * 0.25 ) );margin-right: 4%;margin-top:20px;margin-bottom:0px;\" data-animationtype=\"fadeInLeft\" data-animationduration=\"1.0\" data-animationoffset=\"top-into-view\"><div class=\"fusion-column-wrapper fusion-flex-column-wrapper-legacy\" style=\"background-position:left top;background-repeat:no-repeat;-webkit-background-size:cover;-moz-background-size:cover;-o-background-size:cover;background-size:cover;padding: 0px 0px 31px 0px;\"><div class=\"fusion-text fusion-text-4\"><p><span style=\"font-size: 16px; background-color: rgba(255, 255, 255, 0); color: var(--body_typography-color); font-family: var(--body_typography-font-family); font-style: var(--body_typography-font-style,normal); font-weight: var(--body_typography-font-weight); letter-spacing: var(--body_typography-letter-spacing);\">Vi utbildar installat\u00f6rer f\u00f6r att installera alla v\u00e5ra produkter och ger r\u00e5d om installation efter b\u00e4sta f\u00f6rm\u00e5ga. Vi s\u00f6ker st\u00e4ndigt efter p\u00e5litliga och h\u00f6gkvalitativa installations- och samarbetspartners runt om i Finland. Det finns ocks\u00e5 alltid en efterfr\u00e5gan p\u00e5 expert\u00e5terf\u00f6rs\u00e4ljning.<\/span><\/p><\/p>\n<\/div><div class=\"fusion-clearfix\"><\/div><\/div><\/div><div class=\"fusion-layout-column fusion_builder_column fusion-builder-column-4 fusion_builder_column_1_4 1_4 fusion-one-fourth fusion-animated\" style=\"width:25%;width:calc(25% - ( ( 4% + 4% ) * 0.25 ) );margin-right: 4%;margin-top:20px;margin-bottom:20px;\" data-animationtype=\"fadeInLeft\" data-animationduration=\"1.0\" data-animationoffset=\"top-into-view\"><div class=\"fusion-column-wrapper fusion-flex-column-wrapper-legacy\" style=\"background-position:left top;background-repeat:no-repeat;-webkit-background-size:cover;-moz-background-size:cover;-o-background-size:cover;background-size:cover;padding: 0px 0px 0px 0px;\"><div class=\"fusion-text fusion-text-5\"><p data-fusion-font=\"true\" style=\"font-size: 16px;\">Vi bes\u00f6ker ocks\u00e5 g\u00e4rna designbyr\u00e5er f\u00f6r att beskriva v\u00e5ra produkter.<\/p>\n<p data-fusion-font=\"true\" style=\"font-size: 16px;\">Om du vill bes\u00f6ka oss och v\u00e5ra produkter, v\u00e4nligen kontakta oss! Du kan ocks\u00e5 komma f\u00f6rbi v\u00e5ra lokaler f\u00f6r att ta en kaffe. <\/p>\n<\/div><div class=\"fusion-clearfix\"><\/div><\/div><\/div><div class=\"fusion-layout-column fusion_builder_column fusion-builder-column-5 fusion_builder_column_2_5 2_5 fusion-two-fifth fusion-column-last\" style=\"width:40%;width:calc(40% - ( ( 4% + 4% ) * 0.4 ) );margin-top:20px;margin-bottom:20px;\"><div class=\"fusion-column-wrapper fusion-flex-column-wrapper-legacy\" style=\"background-position:left top;background-repeat:no-repeat;-webkit-background-size:cover;-moz-background-size:cover;-o-background-size:cover;background-size:cover;padding: 0px 0px 0px 5%;\"><span class=\"fusion-imageframe imageframe-none imageframe-1 hover-type-none fusion-animated\" style=\"border-radius:3px;\" data-animationtype=\"fadeInLeft\" data-animationduration=\"1.0\" data-animationoffset=\"top-into-view\"><img decoding=\"async\" width=\"1000\" height=\"667\" title=\"belle_arti-1991_webiso\" src=\"http:\/\/www.bellearti.fi\/wp-content\/uploads\/2019\/11\/belle_arti-1991_webiso.jpg\" alt class=\"img-responsive wp-image-1257\" srcset=\"https:\/\/www.bellearti.fi\/wp-content\/uploads\/2019\/11\/belle_arti-1991_webiso-200x133.jpg 200w, https:\/\/www.bellearti.fi\/wp-content\/uploads\/2019\/11\/belle_arti-1991_webiso-400x267.jpg 400w, https:\/\/www.bellearti.fi\/wp-content\/uploads\/2019\/11\/belle_arti-1991_webiso-600x400.jpg 600w, https:\/\/www.bellearti.fi\/wp-content\/uploads\/2019\/11\/belle_arti-1991_webiso-800x534.jpg 800w, https:\/\/www.bellearti.fi\/wp-content\/uploads\/2019\/11\/belle_arti-1991_webiso.jpg 1000w\" sizes=\"(max-width: 1023px) 100vw, 1000px\" \/><\/span><div class=\"fusion-clearfix\"><\/div><\/div><\/div><\/div><\/div><div class=\"fusion-fullwidth fullwidth-box fusion-builder-row-3 nonhundred-percent-fullwidth non-hundred-percent-height-scrolling fusion-no-large-visibility\" style=\"background-color: rgba(255,255,255,0);background-position: center center;background-repeat: no-repeat;padding-top:0px;padding-right:0%;padding-bottom:6%;padding-left:0%;margin-bottom: 0px;margin-top: 0px;border-width: 0px 0px 0px 0px;border-color:#eae9e9;border-style:solid;\" ><div class=\"fusion-builder-row fusion-row\"><div class=\"fusion-layout-column fusion_builder_column fusion-builder-column-6 fusion_builder_column_1_6 1_6 fusion-one-sixth fusion-column-first fusion-no-small-visibility fusion-no-medium-visibility\" style=\"width:16.666666666667%;width:calc(16.666666666667% - ( ( 4% + 4% ) * 0.16666666666667 ) );margin-right: 4%;margin-top:20px;margin-bottom:20px;\"><div class=\"fusion-column-wrapper fusion-flex-column-wrapper-legacy\" style=\"background-position:left top;background-repeat:no-repeat;-webkit-background-size:cover;-moz-background-size:cover;-o-background-size:cover;background-size:cover;padding: 0px 0px 0px 0px;\"><div class=\"fusion-clearfix\"><\/div><\/div><\/div><div class=\"fusion-layout-column fusion_builder_column fusion-builder-column-7 fusion_builder_column_1_5 1_5 fusion-one-fifth fusion-animated\" style=\"width:20%;width:calc(20% - ( ( 4% + 4% ) * 0.2 ) );margin-right: 4%;margin-top:0px;margin-bottom:0px;\" data-animationtype=\"fadeInLeft\" data-animationduration=\"1.0\" data-animationoffset=\"top-into-view\"><div class=\"fusion-column-wrapper fusion-flex-column-wrapper-legacy\" style=\"background-position:left top;background-repeat:no-repeat;-webkit-background-size:cover;-moz-background-size:cover;-o-background-size:cover;background-size:cover;padding: 0px 0px 0px 0px;\"><div class=\"fusion-text fusion-text-6\"><p><span data-fusion-font=\"true\" data-fusion-google-font=\"Heebo\" data-fusion-google-variant=\"100\" data-fusion-google-subset=\"latin\"><span data-fusion-font=\"true\" data-fusion-google-font=\"Heebo\" data-fusion-google-variant=\"100\" data-fusion-google-subset=\"latin\" style=\"font-size: 23px;\">Vill du arbeta med v\u00e5ra produkter?<\/span><\/span><\/p>\n<p>Vi utbildar installat\u00f6rer f\u00f6r att installera alla v\u00e5ra produkter och ger r\u00e5d om installation efter b\u00e4sta f\u00f6rm\u00e5ga. Vi s\u00f6ker st\u00e4ndigt efter p\u00e5litliga och h\u00f6gkvalitativa installations- och samarbetspartners runt om i Finland. Det finns ocks\u00e5 alltid en efterfr\u00e5gan p\u00e5 expert\u00e5terf\u00f6rs\u00e4ljning.<\/p>\n<p>Vi bes\u00f6ker ocks\u00e5 g\u00e4rna designbyr\u00e5er f\u00f6r att beskriva v\u00e5ra produkter.<\/p>\n<p>Om du vill bes\u00f6ka oss och v\u00e5ra produkter, eller om du vill komma f\u00f6rbi p\u00e5 en fika i v\u00e5ra lokaler, v\u00e4nligen kontakta oss!<\/p><\/p>\n<\/div><div class=\"fusion-clearfix\"><\/div><\/div><\/div><div class=\"fusion-layout-column fusion_builder_column fusion-builder-column-8 fusion_builder_column_2_5 2_5 fusion-two-fifth fusion-column-last\" style=\"width:40%;width:calc(40% - ( ( 4% + 4% ) * 0.4 ) );margin-top:20px;margin-bottom:20px;\"><div class=\"fusion-column-wrapper fusion-flex-column-wrapper-legacy\" style=\"background-position:left top;background-repeat:no-repeat;-webkit-background-size:cover;-moz-background-size:cover;-o-background-size:cover;background-size:cover;padding: 0px 0px 0px 0px;\"><span class=\"fusion-imageframe imageframe-none imageframe-2 hover-type-none fusion-animated\" style=\"border-radius:3px;\" data-animationtype=\"fadeInLeft\" data-animationduration=\"1.0\" data-animationoffset=\"top-into-view\"><img decoding=\"async\" width=\"1000\" height=\"667\" title=\"belle_arti-1991_webiso\" src=\"http:\/\/www.bellearti.fi\/wp-content\/uploads\/2019\/11\/belle_arti-1991_webiso.jpg\" alt class=\"img-responsive wp-image-1257\" srcset=\"https:\/\/www.bellearti.fi\/wp-content\/uploads\/2019\/11\/belle_arti-1991_webiso-200x133.jpg 200w, https:\/\/www.bellearti.fi\/wp-content\/uploads\/2019\/11\/belle_arti-1991_webiso-400x267.jpg 400w, https:\/\/www.bellearti.fi\/wp-content\/uploads\/2019\/11\/belle_arti-1991_webiso-600x400.jpg 600w, https:\/\/www.bellearti.fi\/wp-content\/uploads\/2019\/11\/belle_arti-1991_webiso-800x534.jpg 800w, https:\/\/www.bellearti.fi\/wp-content\/uploads\/2019\/11\/belle_arti-1991_webiso.jpg 1000w\" sizes=\"(max-width: 1023px) 100vw, 1000px\" \/><\/span><div class=\"fusion-clearfix\"><\/div><\/div><\/div><\/div><\/div><\/p>","protected":false},"excerpt":{"rendered":"","protected":false},"author":1,"featured_media":0,"parent":0,"menu_order":0,"comment_status":"closed","ping_status":"closed","template":"100-width.php","meta":{"footnotes":""},"class_list":["post-152","page","type-page","status-publish","hentry"],"_links":{"self":[{"href":"https:\/\/www.bellearti.fi\/sv\/wp-json\/wp\/v2\/pages\/152","targetHints":{"allow":["GET"]}}],"collection":[{"href":"https:\/\/www.bellearti.fi\/sv\/wp-json\/wp\/v2\/pages"}],"about":[{"href":"https:\/\/www.bellearti.fi\/sv\/wp-json\/wp\/v2\/types\/page"}],"author":[{"embeddable":true,"href":"https:\/\/www.bellearti.fi\/sv\/wp-json\/wp\/v2\/users\/1"}],"replies":[{"embeddable":true,"href":"https:\/\/www.bellearti.fi\/sv\/wp-json\/wp\/v2\/comments?post=152"}],"version-history":[{"count":43,"href":"https:\/\/www.bellearti.fi\/sv\/wp-json\/wp\/v2\/pages\/152\/revisions"}],"predecessor-version":[{"id":2353,"href":"https:\/\/www.bellearti.fi\/sv\/wp-json\/wp\/v2\/pages\/152\/revisions\/2353"}],"wp:attachment":[{"href":"https:\/\/www.bellearti.fi\/sv\/wp-json\/wp\/v2\/media?parent=152"}],"curies":[{"name":"wp","href":"https:\/\/api.w.org\/{rel}","templated":true}]}}