{"id":148,"date":"2019-03-12T21:26:27","date_gmt":"2019-03-12T21:26:27","guid":{"rendered":"http:\/\/bellearti.deston.fi\/?page_id=148"},"modified":"2024-05-02T13:48:48","modified_gmt":"2024-05-02T10:48:48","slug":"produkter","status":"publish","type":"page","link":"https:\/\/www.bellearti.fi\/sv\/produkter\/","title":{"rendered":"Produkter"},"content":{"rendered":"<p><div class=\"fusion-fullwidth fullwidth-box fusion-builder-row-1 nonhundred-percent-fullwidth non-hundred-percent-height-scrolling\" style=\"background-color: rgba(255,255,255,0);background-position: center center;background-repeat: no-repeat;padding-top:0px;padding-right:10%;padding-bottom:0px;padding-left:10%;margin-bottom: 0px;margin-top: 0px;border-width: 0px 0px 0px 0px;border-color:#eae9e9;border-style:solid;\" ><div class=\"fusion-builder-row fusion-row\"><div class=\"fusion-layout-column fusion_builder_column fusion-builder-column-0 fusion_builder_column_1_1 1_1 fusion-one-full fusion-column-first fusion-column-last fusion-animated\" style=\"margin-top:20px;margin-bottom:20px;\" data-animationtype=\"fadeInLeft\" data-animationduration=\"0.8\" data-animationoffset=\"top-into-view\"><div class=\"fusion-column-wrapper fusion-flex-column-wrapper-legacy\" style=\"background-position:left top;background-repeat:no-repeat;-webkit-background-size:cover;-moz-background-size:cover;-o-background-size:cover;background-size:cover;padding: 0px 0px 0px 0px;\"><div class=\"fusion-text fusion-text-1\"><p style=\"text-align: center; font-size: 20px;\" data-fusion-font=\"true\">V\u00e5ra produkter \u00e4r noggrant utvalda och v\u00e5rt breda sortiment fokuserar p\u00e5 ekologi och anv\u00e4ndarv\u00e4nlighet. Alla v\u00e5ra produkter \u00e4r certifierade f\u00f6r inomhusluft och fria fr\u00e5n l\u00f6sningsmedel och bidrar ocks\u00e5 till att bevara strukturer.<\/p>\n<\/div><div class=\"fusion-clearfix\"><\/div><\/div><\/div><\/div><\/div><div class=\"fusion-fullwidth fullwidth-box fusion-builder-row-2 nonhundred-percent-fullwidth non-hundred-percent-height-scrolling\" style=\"background-color: rgba(255,255,255,0);background-position: center center;background-repeat: no-repeat;padding-top:0px;padding-right:0px;padding-bottom:0px;padding-left:0px;margin-bottom: 0px;margin-top: 0px;border-width: 0px 0px 0px 0px;border-color:#eae9e9;border-style:solid;\" ><div class=\"fusion-builder-row fusion-row\"><div class=\"fusion-layout-column fusion_builder_column fusion-builder-column-1 fusion_builder_column_1_1 1_1 fusion-one-full fusion-column-first fusion-column-last fusion-animated\" style=\"margin-top:20px;margin-bottom:20px;\" data-animationtype=\"fadeInDown\" data-animationduration=\"0.8\" data-animationoffset=\"top-into-view\"><div class=\"fusion-column-wrapper fusion-flex-column-wrapper-legacy\" style=\"background-position:left top;background-repeat:no-repeat;-webkit-background-size:cover;-moz-background-size:cover;-o-background-size:cover;background-size:cover;padding: 0px 10% 0px 10%;\"><div class=\"fusion-blog-shortcode fusion-blog-shortcode-1 fusion-blog-archive fusion-blog-layout-grid-wrapper fusion-blog-no fusion-blog-layout-center\"><style type=\"text\/css\">.fusion-blog-shortcode-1 .fusion-blog-layout-grid .fusion-post-grid{padding:15px;}.fusion-blog-shortcode-1 .fusion-posts-container{margin-left: -15px !important; margin-right:-15px !important;}<\/style><div class=\"fusion-posts-container fusion-posts-container-no fusion-no-meta-info fusion-blog-rollover fusion-blog-layout-grid fusion-blog-layout-grid-3 isotope fusion-blog-layout-masonry\" data-pages=\"0\" data-grid-col-space=\"30\" style=\"margin: -15px -15px 0;min-height:500px;\"><article class=\"fusion-post-grid fusion-post-masonry post fusion-grid-sizer\"><\/article><article id=\"blog-1-post-1305\" class=\"fusion-post-masonry fusion-post-grid fusion-element-grid post-1305 post type-post status-publish format-standard has-post-thumbnail hentry category-tuoteperhe tag-beton-design tag-hartsi tag-hartsipinnoite tag-kvartsipinnoite tag-mikrobetoni tag-mikrosementti tag-markatilapinnoite tag-pinnoite tag-rustico tag-toscana tag-yksittainen-tuote-tai-tuoteperhe\">\n<div class=\"fusion-post-wrapper fusion-masonary-is-transparent\" style=\"background-color:rgb(255,255,255);border:none;\"><div  class=\"fusion-masonry-element-container fusion-image-wrapper\" style=\"background-image:url(https:\/\/www.bellearti.fi\/wp-content\/uploads\/2022\/02\/PHOTO-2021-06-14-14-08-54.jpg);padding-top:calc((100% + 30px) * 0.8 - 15px);\" aria-haspopup=\"true\">\n\t\t\t\t<img decoding=\"async\" width=\"1024\" height=\"983\" src=\"https:\/\/www.bellearti.fi\/wp-content\/uploads\/2022\/02\/PHOTO-2021-06-14-14-08-54.jpg\" class=\"attachment-full size-full wp-post-image\" alt=\"\" srcset=\"https:\/\/www.bellearti.fi\/wp-content\/uploads\/2022\/02\/PHOTO-2021-06-14-14-08-54-200x192.jpg 200w, https:\/\/www.bellearti.fi\/wp-content\/uploads\/2022\/02\/PHOTO-2021-06-14-14-08-54-400x384.jpg 400w, https:\/\/www.bellearti.fi\/wp-content\/uploads\/2022\/02\/PHOTO-2021-06-14-14-08-54-600x576.jpg 600w, https:\/\/www.bellearti.fi\/wp-content\/uploads\/2022\/02\/PHOTO-2021-06-14-14-08-54-800x768.jpg 800w, https:\/\/www.bellearti.fi\/wp-content\/uploads\/2022\/02\/PHOTO-2021-06-14-14-08-54.jpg 1024w\" sizes=\"(min-width: 2200px) 100vw, (min-width: 808px) 492px, (min-width: 724px) 808px, (min-width: 640px) 724px, \" \/><div class=\"fusion-rollover\">\n\t<div class=\"fusion-rollover-content\">\n\n\t\t\t\t\n\t\t\n\t\t\t\t\t\t\t\t\n\t\t\t\t\t\t\t\t\n\t\t\n\t\t\t\t\t\t<a class=\"fusion-link-wrapper\" href=\"https:\/\/www.bellearti.fi\/sv\/belaggningar-av-harts\/\" aria-label=\"Hartsbel\u00e4ggningar\"><\/a>\n\t<\/div>\n<\/div>\n<\/div>\n<div class=\"fusion-post-content-wrapper\" style=\"padding:30px 0px 0px 0px;background-color:rgb(255,255,255);\"><div class=\"fusion-post-content post-content\"><h2 class=\"blog-shortcode-post-title entry-title\"><a href=\"https:\/\/www.bellearti.fi\/sv\/belaggningar-av-harts\/\">Hartsbel\u00e4ggningar<\/a><\/h2><div class=\"fusion-post-content-container\"><\/div><\/div><\/div><div class=\"fusion-clearfix\"><\/div><\/div>\n<\/article>\n<article id=\"blog-1-post-1570\" class=\"fusion-post-masonry fusion-post-grid fusion-element-grid post-1570 post type-post status-publish format-standard has-post-thumbnail hentry category-tuoteperhe tag-betoniefekti tag-betonimaali tag-betonipinta tag-efektiseina tag-ekologinen-maali tag-etusivu-nosto tag-hengittava-maali tag-hengittava-pinta tag-hiekkamaali tag-kalkki tag-kalkkilaasti tag-kalkkimaali tag-kalkkipinnoite tag-kalkkipinta tag-kalkkiseina tag-rouhea tag-turvallinen-maali tag-yksittainen-tuote-tai-tuoteperhe\">\n<div class=\"fusion-post-wrapper fusion-masonary-is-transparent\" style=\"background-color:rgb(255,255,255);border:none;\"><div  class=\"fusion-masonry-element-container fusion-image-wrapper\" style=\"background-image:url(https:\/\/www.bellearti.fi\/wp-content\/uploads\/2024\/10\/c71b48d0-8924-462b-b458-480a237f7bdb.jpg);padding-top:calc((100% + 30px) * 0.8 - 15px);\" aria-haspopup=\"true\">\n\t\t\t\t<img decoding=\"async\" width=\"1024\" height=\"768\" src=\"https:\/\/www.bellearti.fi\/wp-content\/uploads\/2024\/10\/c71b48d0-8924-462b-b458-480a237f7bdb.jpg\" class=\"attachment-full size-full wp-post-image\" alt=\"\" srcset=\"https:\/\/www.bellearti.fi\/wp-content\/uploads\/2024\/10\/c71b48d0-8924-462b-b458-480a237f7bdb-200x150.jpg 200w, https:\/\/www.bellearti.fi\/wp-content\/uploads\/2024\/10\/c71b48d0-8924-462b-b458-480a237f7bdb-400x300.jpg 400w, https:\/\/www.bellearti.fi\/wp-content\/uploads\/2024\/10\/c71b48d0-8924-462b-b458-480a237f7bdb-600x450.jpg 600w, https:\/\/www.bellearti.fi\/wp-content\/uploads\/2024\/10\/c71b48d0-8924-462b-b458-480a237f7bdb-800x600.jpg 800w, https:\/\/www.bellearti.fi\/wp-content\/uploads\/2024\/10\/c71b48d0-8924-462b-b458-480a237f7bdb.jpg 1024w\" sizes=\"(min-width: 2200px) 100vw, (min-width: 808px) 492px, (min-width: 724px) 808px, (min-width: 640px) 724px, \" \/><div class=\"fusion-rollover\">\n\t<div class=\"fusion-rollover-content\">\n\n\t\t\t\t\n\t\t\n\t\t\t\t\t\t\t\t\n\t\t\t\t\t\t\t\t\n\t\t\n\t\t\t\t\t\t<a class=\"fusion-link-wrapper\" href=\"https:\/\/www.bellearti.fi\/sv\/kalkbelaggningar\/\" aria-label=\"Kalkbel\u00e4ggningar och kalkf\u00e4rger\"><\/a>\n\t<\/div>\n<\/div>\n<\/div>\n<div class=\"fusion-post-content-wrapper\" style=\"padding:30px 0px 0px 0px;background-color:rgb(255,255,255);\"><div class=\"fusion-post-content post-content\"><h2 class=\"blog-shortcode-post-title entry-title\"><a href=\"https:\/\/www.bellearti.fi\/sv\/kalkbelaggningar\/\">Kalkbel\u00e4ggningar och kalkf\u00e4rger<\/a><\/h2><div class=\"fusion-post-content-container\"><\/div><\/div><\/div><div class=\"fusion-clearfix\"><\/div><\/div>\n<\/article>\n<article id=\"blog-1-post-1514\" class=\"fusion-post-masonry fusion-post-grid fusion-element-grid post-1514 post type-post status-publish format-standard has-post-thumbnail hentry category-tuoteperhe tag-efektimaali tag-efektiseina tag-erikoismaali tag-etusivu-nosto tag-seinapinnoite tag-sisustuspinnoite tag-yksittainen-tuote-tai-tuoteperhe\">\n<div class=\"fusion-post-wrapper fusion-masonary-is-transparent\" style=\"background-color:rgb(255,255,255);border:none;\"><div  class=\"fusion-masonry-element-container fusion-image-wrapper\" style=\"background-image:url(https:\/\/www.bellearti.fi\/wp-content\/uploads\/2024\/05\/IMG_2017.jpg);padding-top:calc((100% + 30px) * 0.8 - 15px);\" aria-haspopup=\"true\">\n\t\t\t\t<img decoding=\"async\" width=\"710\" height=\"931\" src=\"https:\/\/www.bellearti.fi\/wp-content\/uploads\/2024\/05\/IMG_2017.jpg\" class=\"attachment-full size-full wp-post-image\" alt=\"\" srcset=\"https:\/\/www.bellearti.fi\/wp-content\/uploads\/2024\/05\/IMG_2017-200x262.jpg 200w, https:\/\/www.bellearti.fi\/wp-content\/uploads\/2024\/05\/IMG_2017-400x525.jpg 400w, https:\/\/www.bellearti.fi\/wp-content\/uploads\/2024\/05\/IMG_2017-600x787.jpg 600w, https:\/\/www.bellearti.fi\/wp-content\/uploads\/2024\/05\/IMG_2017.jpg 710w\" sizes=\"(min-width: 2200px) 100vw, (min-width: 808px) 492px, (min-width: 724px) 808px, (min-width: 640px) 724px, \" \/><div class=\"fusion-rollover\">\n\t<div class=\"fusion-rollover-content\">\n\n\t\t\t\t\n\t\t\n\t\t\t\t\t\t\t\t\n\t\t\t\t\t\t\t\t\n\t\t\n\t\t\t\t\t\t<a class=\"fusion-link-wrapper\" href=\"https:\/\/www.bellearti.fi\/sv\/effektfarger-och-dekorativa-ytbelaggningar\/\" aria-label=\"Effektf\u00e4rger och dekorativa bel\u00e4ggningar\"><\/a>\n\t<\/div>\n<\/div>\n<\/div>\n<div class=\"fusion-post-content-wrapper\" style=\"padding:30px 0px 0px 0px;background-color:rgb(255,255,255);\"><div class=\"fusion-post-content post-content\"><h2 class=\"blog-shortcode-post-title entry-title\"><a href=\"https:\/\/www.bellearti.fi\/sv\/effektfarger-och-dekorativa-ytbelaggningar\/\">Effektf\u00e4rger och dekorativa bel\u00e4ggningar<\/a><\/h2><div class=\"fusion-post-content-container\"><\/div><\/div><\/div><div class=\"fusion-clearfix\"><\/div><\/div>\n<\/article>\n<article id=\"blog-1-post-1567\" class=\"fusion-post-masonry fusion-post-grid fusion-element-grid post-1567 post type-post status-publish format-standard has-post-thumbnail hentry category-tuotteet tag-cebotop-lak tag-cebotop-paint tag-ekologinen-maali tag-ekomaali tag-hengittava-maali tag-himmea-maali tag-matta tag-matta-maali tag-mattamalli tag-sisamaali tag-sisamaalit tag-yksittainen-tuote-tai-tuoteperhe\">\n<div class=\"fusion-post-wrapper fusion-masonary-is-transparent\" style=\"background-color:rgb(255,255,255);border:none;\"><div  class=\"fusion-masonry-element-container fusion-image-wrapper\" style=\"background-image:url(https:\/\/www.bellearti.fi\/wp-content\/uploads\/2019\/12\/hus-lindman-ravintola-pestN\u0303vN\u0303-maali-2.jpg);padding-top:calc((100% + 30px) * 0.8 - 15px);\" aria-haspopup=\"true\">\n\t\t\t\t<img decoding=\"async\" width=\"1280\" height=\"1920\" src=\"https:\/\/www.bellearti.fi\/wp-content\/uploads\/2019\/12\/hus-lindman-ravintola-pest\u00d1v\u00d1-maali-2.jpg\" class=\"attachment-full size-full wp-post-image\" alt=\"\" srcset=\"https:\/\/www.bellearti.fi\/wp-content\/uploads\/2019\/12\/hus-lindman-ravintola-pestN\u0303vN\u0303-maali-2-200x300.jpg 200w, https:\/\/www.bellearti.fi\/wp-content\/uploads\/2019\/12\/hus-lindman-ravintola-pestN\u0303vN\u0303-maali-2-400x600.jpg 400w, https:\/\/www.bellearti.fi\/wp-content\/uploads\/2019\/12\/hus-lindman-ravintola-pestN\u0303vN\u0303-maali-2-600x900.jpg 600w, https:\/\/www.bellearti.fi\/wp-content\/uploads\/2019\/12\/hus-lindman-ravintola-pestN\u0303vN\u0303-maali-2-683x1024.jpg 683w, https:\/\/www.bellearti.fi\/wp-content\/uploads\/2019\/12\/hus-lindman-ravintola-pestN\u0303vN\u0303-maali-2-768x1152.jpg 768w, https:\/\/www.bellearti.fi\/wp-content\/uploads\/2019\/12\/hus-lindman-ravintola-pestN\u0303vN\u0303-maali-2-800x1200.jpg 800w, https:\/\/www.bellearti.fi\/wp-content\/uploads\/2019\/12\/hus-lindman-ravintola-pestN\u0303vN\u0303-maali-2-1024x1536.jpg 1024w, https:\/\/www.bellearti.fi\/wp-content\/uploads\/2019\/12\/hus-lindman-ravintola-pestN\u0303vN\u0303-maali-2-1200x1800.jpg 1200w, https:\/\/www.bellearti.fi\/wp-content\/uploads\/2019\/12\/hus-lindman-ravintola-pestN\u0303vN\u0303-maali-2.jpg 1280w, https:\/\/www.bellearti.fi\/wp-content\/uploads\/2019\/12\/hus-lindman-ravintola-pestN\u0303vN\u0303-maali-2-1365x2048.jpg 1365w\" sizes=\"(min-width: 2200px) 100vw, (min-width: 808px) 492px, (min-width: 724px) 808px, (min-width: 640px) 724px, \" \/><div class=\"fusion-rollover\">\n\t<div class=\"fusion-rollover-content\">\n\n\t\t\t\t\n\t\t\n\t\t\t\t\t\t\t\t\n\t\t\t\t\t\t\t\t\n\t\t\n\t\t\t\t\t\t<a class=\"fusion-link-wrapper\" href=\"https:\/\/www.bellearti.fi\/sv\/inomhusfarger\/\" aria-label=\"Dekorativa f\u00e4rger\"><\/a>\n\t<\/div>\n<\/div>\n<\/div>\n<div class=\"fusion-post-content-wrapper\" style=\"padding:30px 0px 0px 0px;background-color:rgb(255,255,255);\"><div class=\"fusion-post-content post-content\"><h2 class=\"blog-shortcode-post-title entry-title\"><a href=\"https:\/\/www.bellearti.fi\/sv\/inomhusfarger\/\">Dekorativa f\u00e4rger<\/a><\/h2><div class=\"fusion-post-content-container\"><\/div><\/div><\/div><div class=\"fusion-clearfix\"><\/div><\/div>\n<\/article>\n<article id=\"blog-1-post-1451\" class=\"fusion-post-masonry fusion-post-grid fusion-element-grid post-1451 post type-post status-publish format-standard has-post-thumbnail hentry category-tuotteet tag-kasviseina tag-stabiloidut-viherelementit tag-stabiloitu tag-stabiloitu-kasvi tag-viherelementti tag-viherseina tag-yksittainen-tuote-tai-tuoteperhe\">\n<div class=\"fusion-post-wrapper fusion-masonary-is-transparent\" style=\"background-color:rgb(255,255,255);border:none;\"><div  class=\"fusion-masonry-element-container fusion-image-wrapper\" style=\"background-image:url(https:\/\/www.bellearti.fi\/wp-content\/uploads\/2024\/10\/Kuva1.jpg);padding-top:calc((100% + 30px) * 0.8 - 15px);\" aria-haspopup=\"true\">\n\t\t\t\t<img decoding=\"async\" width=\"997\" height=\"1329\" src=\"https:\/\/www.bellearti.fi\/wp-content\/uploads\/2024\/10\/Kuva1.jpg\" class=\"attachment-full size-full wp-post-image\" alt=\"\" srcset=\"https:\/\/www.bellearti.fi\/wp-content\/uploads\/2024\/10\/Kuva1-200x267.jpg 200w, https:\/\/www.bellearti.fi\/wp-content\/uploads\/2024\/10\/Kuva1-400x533.jpg 400w, https:\/\/www.bellearti.fi\/wp-content\/uploads\/2024\/10\/Kuva1-600x800.jpg 600w, https:\/\/www.bellearti.fi\/wp-content\/uploads\/2024\/10\/Kuva1-800x1066.jpg 800w, https:\/\/www.bellearti.fi\/wp-content\/uploads\/2024\/10\/Kuva1.jpg 997w\" sizes=\"(min-width: 2200px) 100vw, (min-width: 808px) 492px, (min-width: 724px) 808px, (min-width: 640px) 724px, \" \/><div class=\"fusion-rollover\">\n\t<div class=\"fusion-rollover-content\">\n\n\t\t\t\t\n\t\t\n\t\t\t\t\t\t\t\t\n\t\t\t\t\t\t\t\t\n\t\t\n\t\t\t\t\t\t<a class=\"fusion-link-wrapper\" href=\"https:\/\/www.bellearti.fi\/sv\/stabiliserade-grona-element\/\" aria-label=\"Stabiliserade gr\u00f6na v\u00e4ggar\"><\/a>\n\t<\/div>\n<\/div>\n<\/div>\n<div class=\"fusion-post-content-wrapper\" style=\"padding:30px 0px 0px 0px;background-color:rgb(255,255,255);\"><div class=\"fusion-post-content post-content\"><h2 class=\"blog-shortcode-post-title entry-title\"><a href=\"https:\/\/www.bellearti.fi\/sv\/stabiliserade-grona-element\/\">Stabiliserade gr\u00f6na v\u00e4ggar<\/a><\/h2><div class=\"fusion-post-content-container\"><\/div><\/div><\/div><div class=\"fusion-clearfix\"><\/div><\/div>\n<\/article>\n<article id=\"blog-1-post-1422\" class=\"fusion-post-masonry fusion-post-grid fusion-element-grid post-1422 post type-post status-publish format-standard has-post-thumbnail hentry category-tuotteet tag-efektiseina tag-erikoistapetti tag-freskotapetit tag-kasintehty-tapetti tag-mittatilaus tag-mittatilaustapetti tag-tapetti tag-tapetti-omalla-kuvalla tag-yksittainen-tuote-tai-tuoteperhe\">\n<div class=\"fusion-post-wrapper fusion-masonary-is-transparent\" style=\"background-color:rgb(255,255,255);border:none;\"><div  class=\"fusion-masonry-element-container fusion-image-wrapper\" style=\"background-image:url(https:\/\/www.bellearti.fi\/wp-content\/uploads\/2019\/12\/c1343385-7639-430e-ba41-22406d14e76c.jpg);padding-top:calc((100% + 30px) * 0.8 - 15px);\" aria-haspopup=\"true\">\n\t\t\t\t<img decoding=\"async\" width=\"804\" height=\"1024\" src=\"https:\/\/www.bellearti.fi\/wp-content\/uploads\/2019\/12\/c1343385-7639-430e-ba41-22406d14e76c.jpg\" class=\"attachment-full size-full wp-post-image\" alt=\"\" srcset=\"https:\/\/www.bellearti.fi\/wp-content\/uploads\/2019\/12\/c1343385-7639-430e-ba41-22406d14e76c-200x255.jpg 200w, https:\/\/www.bellearti.fi\/wp-content\/uploads\/2019\/12\/c1343385-7639-430e-ba41-22406d14e76c-400x509.jpg 400w, https:\/\/www.bellearti.fi\/wp-content\/uploads\/2019\/12\/c1343385-7639-430e-ba41-22406d14e76c-600x764.jpg 600w, https:\/\/www.bellearti.fi\/wp-content\/uploads\/2019\/12\/c1343385-7639-430e-ba41-22406d14e76c-800x1019.jpg 800w, https:\/\/www.bellearti.fi\/wp-content\/uploads\/2019\/12\/c1343385-7639-430e-ba41-22406d14e76c.jpg 804w\" sizes=\"(min-width: 2200px) 100vw, (min-width: 808px) 492px, (min-width: 724px) 808px, (min-width: 640px) 724px, \" \/><div class=\"fusion-rollover\">\n\t<div class=\"fusion-rollover-content\">\n\n\t\t\t\t\n\t\t\n\t\t\t\t\t\t\t\t\n\t\t\t\t\t\t\t\t\n\t\t\n\t\t\t\t\t\t<a class=\"fusion-link-wrapper\" href=\"https:\/\/www.bellearti.fi\/sv\/fresco-tapet\/\" aria-label=\"Fresco tapet\"><\/a>\n\t<\/div>\n<\/div>\n<\/div>\n<div class=\"fusion-post-content-wrapper\" style=\"padding:30px 0px 0px 0px;background-color:rgb(255,255,255);\"><div class=\"fusion-post-content post-content\"><h2 class=\"blog-shortcode-post-title entry-title\"><a href=\"https:\/\/www.bellearti.fi\/sv\/fresco-tapet\/\">Fresco tapet<\/a><\/h2><div class=\"fusion-post-content-container\"><\/div><\/div><\/div><div class=\"fusion-clearfix\"><\/div><\/div>\n<\/article>\n<div class=\"fusion-clearfix\"><\/div><\/div><\/div><div class=\"fusion-clearfix\"><\/div><\/div><\/div><div class=\"fusion-layout-column fusion_builder_column fusion-builder-column-2 fusion_builder_column_1_1 1_1 fusion-one-full fusion-column-first fusion-column-last\" style=\"margin-top:20px;margin-bottom:20px;\"><div class=\"fusion-column-wrapper fusion-flex-column-wrapper-legacy\" style=\"background-position:left top;background-repeat:no-repeat;-webkit-background-size:cover;-moz-background-size:cover;-o-background-size:cover;background-size:cover;padding: 0px 0px 0px 0px;\"><div class=\"fusion-text fusion-text-2\"><p style=\"text-align: center; \">Vi utvecklar st\u00e4ndigt v\u00e5rt produktsortiment och testar v\u00e5ra produkter tillsammans med tillverkare och samarbetspartners. Detta n\u00e4ra samarbete g\u00f6r det m\u00f6jligt f\u00f6r oss att erbjuda v\u00e5ra kunder en personlig och sakkunnig service samt omfattande materiall\u00f6sningar.<\/p>\n<p style=\"text-align: center; \">V\u00e5rt utbud av material och nyanser har valts ut i samarbete med arkitekter, inredningsarkitekter och v\u00e5ra kunder. Vid behov kan vi ocks\u00e5 anpassa nyanserna p\u00e5 v\u00e5ra material f\u00f6r att uppfylla kundernas behov p\u00e5 b\u00e4sta s\u00e4tt.<\/p>\n<\/div><div class=\"fusion-clearfix\"><\/div><\/div><\/div><\/div><\/div><\/p>","protected":false},"excerpt":{"rendered":"","protected":false},"author":1,"featured_media":0,"parent":0,"menu_order":0,"comment_status":"closed","ping_status":"closed","template":"100-width.php","meta":{"footnotes":""},"class_list":["post-148","page","type-page","status-publish","hentry"],"_links":{"self":[{"href":"https:\/\/www.bellearti.fi\/sv\/wp-json\/wp\/v2\/pages\/148","targetHints":{"allow":["GET"]}}],"collection":[{"href":"https:\/\/www.bellearti.fi\/sv\/wp-json\/wp\/v2\/pages"}],"about":[{"href":"https:\/\/www.bellearti.fi\/sv\/wp-json\/wp\/v2\/types\/page"}],"author":[{"embeddable":true,"href":"https:\/\/www.bellearti.fi\/sv\/wp-json\/wp\/v2\/users\/1"}],"replies":[{"embeddable":true,"href":"https:\/\/www.bellearti.fi\/sv\/wp-json\/wp\/v2\/comments?post=148"}],"version-history":[{"count":34,"href":"https:\/\/www.bellearti.fi\/sv\/wp-json\/wp\/v2\/pages\/148\/revisions"}],"predecessor-version":[{"id":3657,"href":"https:\/\/www.bellearti.fi\/sv\/wp-json\/wp\/v2\/pages\/148\/revisions\/3657"}],"wp:attachment":[{"href":"https:\/\/www.bellearti.fi\/sv\/wp-json\/wp\/v2\/media?parent=148"}],"curies":[{"name":"wp","href":"https:\/\/api.w.org\/{rel}","templated":true}]}}